{"id":3612,"date":"2025-05-09T06:30:07","date_gmt":"2025-05-09T06:30:07","guid":{"rendered":"https:\/\/dankaz.co.rs\/?post_type=product&#038;p=3612"},"modified":"2025-05-09T18:18:13","modified_gmt":"2025-05-09T18:18:13","slug":"zenske-gace-slip-sa-cipkom-nagard-2006","status":"publish","type":"product","link":"https:\/\/dankaz.co.rs\/sr\/\u043f\u0440\u043e\u0438\u0437\u0432\u043e\u0434\/zenske-gace-slip-sa-cipkom-nagard-2006\/","title":{"rendered":"\u017denske ga\u0107e, slip, sa \u010dipkom &#8211; Nagard, 2006"},"content":{"rendered":"","protected":false},"excerpt":{"rendered":"","protected":false},"featured_media":4014,"template":"","meta":{"_monsterinsights_skip_tracking":false,"_monsterinsights_sitenote_active":false,"_monsterinsights_sitenote_note":"","_monsterinsights_sitenote_category":0},"product_brand":[60],"product_cat":[41,26],"product_tag":[212,198],"class_list":{"0":"post-3612","1":"product","2":"type-product","3":"status-publish","4":"has-post-thumbnail","6":"product_brand-nagard","7":"product_cat-donji-ves","8":"product_cat-odeca-i-ves","9":"product_tag-cipka","10":"product_tag-zenske-gace","12":"first","13":"instock","14":"shipping-taxable","15":"purchasable","16":"product-type-variable"},"aioseo_notices":[],"_links":{"self":[{"href":"https:\/\/dankaz.co.rs\/sr\/wp-json\/wp\/v2\/product\/3612","targetHints":{"allow":["GET"]}}],"collection":[{"href":"https:\/\/dankaz.co.rs\/sr\/wp-json\/wp\/v2\/product"}],"about":[{"href":"https:\/\/dankaz.co.rs\/sr\/wp-json\/wp\/v2\/types\/product"}],"version-history":[{"count":3,"href":"https:\/\/dankaz.co.rs\/sr\/wp-json\/wp\/v2\/product\/3612\/revisions"}],"predecessor-version":[{"id":4884,"href":"https:\/\/dankaz.co.rs\/sr\/wp-json\/wp\/v2\/product\/3612\/revisions\/4884"}],"wp:featuredmedia":[{"embeddable":true,"href":"https:\/\/dankaz.co.rs\/sr\/wp-json\/wp\/v2\/media\/4014"}],"wp:attachment":[{"href":"https:\/\/dankaz.co.rs\/sr\/wp-json\/wp\/v2\/media?parent=3612"}],"wp:term":[{"taxonomy":"product_brand","embeddable":true,"href":"https:\/\/dankaz.co.rs\/sr\/wp-json\/wp\/v2\/product_brand?post=3612"},{"taxonomy":"product_cat","embeddable":true,"href":"https:\/\/dankaz.co.rs\/sr\/wp-json\/wp\/v2\/product_cat?post=3612"},{"taxonomy":"product_tag","embeddable":true,"href":"https:\/\/dankaz.co.rs\/sr\/wp-json\/wp\/v2\/product_tag?post=3612"}],"curies":[{"name":"wp","href":"https:\/\/api.w.org\/{rel}","templated":true}]}}