{"id":3539,"date":"2025-05-09T06:30:01","date_gmt":"2025-05-09T06:30:01","guid":{"rendered":"https:\/\/dankaz.co.rs\/?post_type=product&#038;p=3539"},"modified":"2025-05-26T09:51:34","modified_gmt":"2025-05-26T09:51:34","slug":"posteljina-cotton-box-veliki-ipekce","status":"publish","type":"product","link":"https:\/\/dankaz.co.rs\/sr\/\u043f\u0440\u043e\u0438\u0437\u0432\u043e\u0434\/posteljina-cotton-box-veliki-ipekce\/","title":{"rendered":"Posteljina cotton box veliki &#8211; Ipekce"},"content":{"rendered":"<p>U raznim bojama i dezenima. \u010carsaf: 240\u00d7260, Prekriva\u010d: 200\u00d7220, jedna jastu\u010dnica: 50\u00d770 (x2).<\/p>","protected":false},"excerpt":{"rendered":"<p>U raznim bojama i dezenima. \u010carsaf: 240\u00d7260, Prekriva\u010d: 200\u00d7220, jedna jastu\u010dnica: 50\u00d770 (x2).<\/p>","protected":false},"featured_media":4971,"template":"","meta":{"_monsterinsights_skip_tracking":false,"_monsterinsights_sitenote_active":false,"_monsterinsights_sitenote_note":"","_monsterinsights_sitenote_category":0},"product_brand":[53],"product_cat":[27,37],"product_tag":[273,272],"class_list":{"0":"post-3539","1":"product","2":"type-product","3":"status-publish","4":"has-post-thumbnail","6":"product_brand-ipekce","7":"product_cat-posteljina-i-kucni-tekstil","8":"product_cat-posteljine","9":"product_tag-cotton-box","10":"product_tag-posteljine","12":"first","13":"instock","14":"featured","15":"shipping-taxable","16":"purchasable","17":"product-type-variable"},"aioseo_notices":[],"_links":{"self":[{"href":"https:\/\/dankaz.co.rs\/sr\/wp-json\/wp\/v2\/product\/3539","targetHints":{"allow":["GET"]}}],"collection":[{"href":"https:\/\/dankaz.co.rs\/sr\/wp-json\/wp\/v2\/product"}],"about":[{"href":"https:\/\/dankaz.co.rs\/sr\/wp-json\/wp\/v2\/types\/product"}],"version-history":[{"count":4,"href":"https:\/\/dankaz.co.rs\/sr\/wp-json\/wp\/v2\/product\/3539\/revisions"}],"predecessor-version":[{"id":5754,"href":"https:\/\/dankaz.co.rs\/sr\/wp-json\/wp\/v2\/product\/3539\/revisions\/5754"}],"wp:featuredmedia":[{"embeddable":true,"href":"https:\/\/dankaz.co.rs\/sr\/wp-json\/wp\/v2\/media\/4971"}],"wp:attachment":[{"href":"https:\/\/dankaz.co.rs\/sr\/wp-json\/wp\/v2\/media?parent=3539"}],"wp:term":[{"taxonomy":"product_brand","embeddable":true,"href":"https:\/\/dankaz.co.rs\/sr\/wp-json\/wp\/v2\/product_brand?post=3539"},{"taxonomy":"product_cat","embeddable":true,"href":"https:\/\/dankaz.co.rs\/sr\/wp-json\/wp\/v2\/product_cat?post=3539"},{"taxonomy":"product_tag","embeddable":true,"href":"https:\/\/dankaz.co.rs\/sr\/wp-json\/wp\/v2\/product_tag?post=3539"}],"curies":[{"name":"wp","href":"https:\/\/api.w.org\/{rel}","templated":true}]}}