{"id":3488,"date":"2025-05-09T06:29:57","date_gmt":"2025-05-09T06:29:57","guid":{"rendered":"https:\/\/dankaz.co.rs\/?post_type=product&#038;p=3488"},"modified":"2025-05-26T10:04:25","modified_gmt":"2025-05-26T10:04:25","slug":"bade-mantil-set-dupli-ipekce","status":"publish","type":"product","link":"https:\/\/dankaz.co.rs\/sr\/\u043f\u0440\u043e\u0438\u0437\u0432\u043e\u0434\/bade-mantil-set-dupli-ipekce\/","title":{"rendered":"Bade mantil set, dupli &#8211; Ipekce"},"content":{"rendered":"<p>Set sadr\u017ei dva bade mantila i \u010detiri pe\u0161kira dimenzija: 2x 50\u00d790 cm i 2&#215;65\u00d7130 cm.<\/p>","protected":false},"excerpt":{"rendered":"<p>Set sadr\u017ei dva bade mantila i \u010detiri pe\u0161kira dimenzija: 2x 50\u00d790 cm i 2&#215;65\u00d7130 cm.<\/p>","protected":false},"featured_media":4938,"template":"","meta":{"_monsterinsights_skip_tracking":false,"_monsterinsights_sitenote_active":false,"_monsterinsights_sitenote_note":"","_monsterinsights_sitenote_category":0},"product_brand":[53],"product_cat":[33,27],"product_tag":[259,260],"class_list":{"0":"post-3488","1":"product","2":"type-product","3":"status-publish","4":"has-post-thumbnail","6":"product_brand-ipekce","7":"product_cat-frotiri-i-peskiri","8":"product_cat-posteljina-i-kucni-tekstil","9":"product_tag-bade-mantil","10":"product_tag-set","12":"first","13":"instock","14":"shipping-taxable","15":"purchasable","16":"product-type-variable"},"aioseo_notices":[],"_links":{"self":[{"href":"https:\/\/dankaz.co.rs\/sr\/wp-json\/wp\/v2\/product\/3488","targetHints":{"allow":["GET"]}}],"collection":[{"href":"https:\/\/dankaz.co.rs\/sr\/wp-json\/wp\/v2\/product"}],"about":[{"href":"https:\/\/dankaz.co.rs\/sr\/wp-json\/wp\/v2\/types\/product"}],"version-history":[{"count":5,"href":"https:\/\/dankaz.co.rs\/sr\/wp-json\/wp\/v2\/product\/3488\/revisions"}],"predecessor-version":[{"id":5760,"href":"https:\/\/dankaz.co.rs\/sr\/wp-json\/wp\/v2\/product\/3488\/revisions\/5760"}],"wp:featuredmedia":[{"embeddable":true,"href":"https:\/\/dankaz.co.rs\/sr\/wp-json\/wp\/v2\/media\/4938"}],"wp:attachment":[{"href":"https:\/\/dankaz.co.rs\/sr\/wp-json\/wp\/v2\/media?parent=3488"}],"wp:term":[{"taxonomy":"product_brand","embeddable":true,"href":"https:\/\/dankaz.co.rs\/sr\/wp-json\/wp\/v2\/product_brand?post=3488"},{"taxonomy":"product_cat","embeddable":true,"href":"https:\/\/dankaz.co.rs\/sr\/wp-json\/wp\/v2\/product_cat?post=3488"},{"taxonomy":"product_tag","embeddable":true,"href":"https:\/\/dankaz.co.rs\/sr\/wp-json\/wp\/v2\/product_tag?post=3488"}],"curies":[{"name":"wp","href":"https:\/\/api.w.org\/{rel}","templated":true}]}}