{"id":3465,"date":"2025-05-09T06:29:56","date_gmt":"2025-05-09T06:29:56","guid":{"rendered":"https:\/\/dankaz.co.rs\/?post_type=product&#038;p=3465"},"modified":"2025-05-11T09:56:22","modified_gmt":"2025-05-11T09:56:22","slug":"bebi-posteljina-ipekce","status":"publish","type":"product","link":"https:\/\/dankaz.co.rs\/sr\/\u043f\u0440\u043e\u0438\u0437\u0432\u043e\u0434\/bebi-posteljina-ipekce\/","title":{"rendered":"Bebi posteljina \u2013 Ipekce"},"content":{"rendered":"<p class=\"\" data-start=\"341\" data-end=\"606\">Mekana i ne\u017ena bebi posteljina brenda Ipekce, izra\u0111ena od 100% pamuka, stvorena za siguran i udoban san va\u0161e bebe. Kolekcija sadr\u017ei razigrane ilustracije poput aviona, jednoroga, safari \u017eivotinja, duge i princeza \u2013 idealne za oboga\u0107ivanje svakog de\u010dijeg prostora.<\/p>\n<p class=\"\" data-start=\"608\" data-end=\"848\">Set uklju\u010duje prekriva\u010d (100\u00d7150 cm), \u010dar\u0161af (110\u00d7160 cm) i dve jastu\u010dnice (35\u00d745 cm). Dolazi u dekorativnom pakovanju koje ga \u010dini odli\u010dnim izborom i za poklon. Materijal je prozra\u010dan, prijatan na dodir i zadr\u017eava meko\u0107u nakon vi\u0161e pranja.<\/p>","protected":false},"excerpt":{"rendered":"<p>Mekana i ne\u017ena bebi posteljina brenda Ipekce, izra\u0111ena od 100% pamuka, stvorena za siguran i udoban san va\u0161e bebe. Kolekcija sadr\u017ei razigrane ilustracije poput aviona, jednoroga, safari \u017eivotinja, duge i princeza \u2013 idealne za oboga\u0107ivanje svakog de\u010dijeg prostora. Set uklju\u010duje prekriva\u010d (100\u00d7150 cm), \u010dar\u0161af (110\u00d7160 cm) i dve jastu\u010dnice (35\u00d745 cm). Dolazi u dekorativnom pakovanju [&hellip;]<\/p>\n","protected":false},"featured_media":3672,"template":"","meta":{"_monsterinsights_skip_tracking":false,"_monsterinsights_sitenote_active":false,"_monsterinsights_sitenote_note":"","_monsterinsights_sitenote_category":0},"product_brand":[53],"product_cat":[30,25],"product_tag":[114,115,192],"class_list":{"0":"post-3465","1":"product","2":"type-product","3":"status-publish","4":"has-post-thumbnail","6":"product_brand-ipekce","7":"product_cat-bebi-cebad","8":"product_cat-bebi-program","9":"product_tag-bebe","10":"product_tag-cebe","11":"product_tag-posteljina","13":"first","14":"instock","15":"featured","16":"shipping-taxable","17":"purchasable","18":"product-type-variable"},"aioseo_notices":[],"_links":{"self":[{"href":"https:\/\/dankaz.co.rs\/sr\/wp-json\/wp\/v2\/product\/3465","targetHints":{"allow":["GET"]}}],"collection":[{"href":"https:\/\/dankaz.co.rs\/sr\/wp-json\/wp\/v2\/product"}],"about":[{"href":"https:\/\/dankaz.co.rs\/sr\/wp-json\/wp\/v2\/types\/product"}],"version-history":[{"count":7,"href":"https:\/\/dankaz.co.rs\/sr\/wp-json\/wp\/v2\/product\/3465\/revisions"}],"predecessor-version":[{"id":4869,"href":"https:\/\/dankaz.co.rs\/sr\/wp-json\/wp\/v2\/product\/3465\/revisions\/4869"}],"wp:featuredmedia":[{"embeddable":true,"href":"https:\/\/dankaz.co.rs\/sr\/wp-json\/wp\/v2\/media\/3672"}],"wp:attachment":[{"href":"https:\/\/dankaz.co.rs\/sr\/wp-json\/wp\/v2\/media?parent=3465"}],"wp:term":[{"taxonomy":"product_brand","embeddable":true,"href":"https:\/\/dankaz.co.rs\/sr\/wp-json\/wp\/v2\/product_brand?post=3465"},{"taxonomy":"product_cat","embeddable":true,"href":"https:\/\/dankaz.co.rs\/sr\/wp-json\/wp\/v2\/product_cat?post=3465"},{"taxonomy":"product_tag","embeddable":true,"href":"https:\/\/dankaz.co.rs\/sr\/wp-json\/wp\/v2\/product_tag?post=3465"}],"curies":[{"name":"wp","href":"https:\/\/api.w.org\/{rel}","templated":true}]}}