{"id":5349,"date":"2025-05-11T08:17:28","date_gmt":"2025-05-11T08:17:28","guid":{"rendered":"https:\/\/dankaz.co.rs\/?page_id=5349"},"modified":"2025-05-11T08:26:25","modified_gmt":"2025-05-11T08:26:25","slug":"opsti-uslovi-koriscenja","status":"publish","type":"page","link":"https:\/\/dankaz.co.rs\/sr\/opsti-uslovi-koriscenja\/","title":{"rendered":"Op\u0161ti uslovi kori\u0161\u0107enja"},"content":{"rendered":"\t\t<div data-elementor-type=\"wp-page\" data-elementor-id=\"5349\" class=\"elementor elementor-5349\" data-elementor-post-type=\"page\">\n\t\t\t\t<div class=\"elementor-element elementor-element-6ab3c0ca e-flex e-con-boxed e-con e-parent\" data-id=\"6ab3c0ca\" data-element_type=\"container\" data-e-type=\"container\">\n\t\t\t\t\t<div class=\"e-con-inner\">\n\t\t\t\t<div class=\"elementor-element elementor-element-135435e1 elementor-widget elementor-widget-text-editor\" data-id=\"135435e1\" data-element_type=\"widget\" data-e-type=\"widget\" data-widget_type=\"text-editor.default\">\n\t\t\t\t<div class=\"elementor-widget-container\">\n\t\t\t\t\t\t\t\t\t<h2 class=\"\" data-start=\"258\" data-end=\"287\">\ud83d\udcdc Op\u0161ti uslovi kori\u0161\u0107enja<\/h2><p class=\"\" data-start=\"289\" data-end=\"403\">Dobrodo\u0161li na sajt <strong data-start=\"308\" data-end=\"328\"><a class=\"\" href=\"http:\/\/www.dankaz.co.rs\" target=\"_new\" rel=\"noopener\" data-start=\"310\" data-end=\"326\">www.dankaz.co.rs<\/a><\/strong>.<br data-start=\"329\" data-end=\"332\" \/>Kori\u0161\u0107enjem ovog sajta, prihvatate slede\u0107e uslove i pravila kori\u0161\u0107enja.<\/p><p class=\"\" data-start=\"405\" data-end=\"567\">Dankaz D.O.O. zadr\u017eava pravo izmene sadr\u017eaja, politika i strukture sajta bez prethodne najave. Korisnici su du\u017eni da se redovno informi\u0161u o eventualnim promenama.<\/p><h3 data-start=\"574\" data-end=\"596\">\u00a0<\/h3><h3 class=\"\" data-start=\"574\" data-end=\"596\">\u2705 Kori\u0161\u0107enje sajta<\/h3><p class=\"\" data-start=\"598\" data-end=\"736\">Kori\u0161\u0107enje sajta je dozvoljeno isklju\u010divo za <strong data-start=\"643\" data-end=\"676\">li\u010dne, nekomercijalne potrebe<\/strong>.<br data-start=\"677\" data-end=\"680\" \/>Svi korisnici koriste sajt <strong data-start=\"707\" data-end=\"735\">na sopstvenu odgovornost<\/strong>.<\/p><p class=\"\" data-start=\"738\" data-end=\"752\">Zabranjeno je:<\/p><ul data-start=\"753\" data-end=\"906\"><li class=\"\" data-start=\"753\" data-end=\"806\"><p class=\"\" data-start=\"755\" data-end=\"806\">automatsko preuzimanje sadr\u017eaja (roboti, crawleri),<\/p><\/li><li class=\"\" data-start=\"807\" data-end=\"842\"><p class=\"\" data-start=\"809\" data-end=\"842\">svaka vrsta hakerskih aktivnosti,<\/p><\/li><li class=\"\" data-start=\"843\" data-end=\"906\"><p class=\"\" data-start=\"845\" data-end=\"906\">kopiranje i distribucija sadr\u017eaja bez dozvole vlasnika sajta.<\/p><\/li><\/ul><p class=\"\" data-start=\"908\" data-end=\"1002\">Svako neovla\u0161\u0107eno kori\u0161\u0107enje sajta smatra se <strong data-start=\"953\" data-end=\"972\">kr\u0161enjem zakona<\/strong> i podlo\u017eno je pravnim merama.<\/p><h3 data-start=\"1009\" data-end=\"1045\">\u00a0<\/h3><h3 class=\"\" data-start=\"1009\" data-end=\"1045\">\ud83d\udecd\ufe0f Online poru\u010divanje i prodaja<\/h3><ol data-start=\"1047\" data-end=\"1576\"><li class=\"\" data-start=\"1047\" data-end=\"1140\"><p class=\"\" data-start=\"1050\" data-end=\"1140\">Po prijemu narud\u017ebine putem sajta, prodavac je du\u017ean da <strong data-start=\"1106\" data-end=\"1128\">telefonski potvrdi<\/strong> porud\u017ebinu.<\/p><\/li><li class=\"\" data-start=\"1141\" data-end=\"1208\"><p class=\"\" data-start=\"1144\" data-end=\"1208\">Nakon potvrde od strane kupca, porud\u017ebina postaje <strong data-start=\"1194\" data-end=\"1207\">neopoziva<\/strong>.<\/p><\/li><li class=\"\" data-start=\"1209\" data-end=\"1288\"><p class=\"\" data-start=\"1212\" data-end=\"1288\">Prodavac se obavezuje da <strong data-start=\"1237\" data-end=\"1287\">isporu\u010di ispravne proizvode u predvi\u0111enom roku<\/strong>.<\/p><\/li><li class=\"\" data-start=\"1289\" data-end=\"1385\"><p class=\"\" data-start=\"1292\" data-end=\"1385\">U slu\u010daju bilo kakvih promena, kupac \u0107e biti blagovremeno obave\u0161ten tokom telefonske potvrde.<\/p><\/li><li class=\"\" data-start=\"1386\" data-end=\"1466\"><p class=\"\" data-start=\"1389\" data-end=\"1466\">Promene koje nisu vezane za isporuku <strong data-start=\"1426\" data-end=\"1465\">ne va\u017ee za ve\u0107 potvr\u0111ene narud\u017ebine<\/strong>.<\/p><\/li><li class=\"\" data-start=\"1467\" data-end=\"1576\"><p class=\"\" data-start=\"1470\" data-end=\"1576\">U slu\u010daju odstupanja cene dostave od one prikazane na sajtu, kupac \u0107e biti informisan pre finalne potvrde.<\/p><\/li><\/ol><h3 data-start=\"1583\" data-end=\"1609\">\u00a0<\/h3><h3 class=\"\" data-start=\"1583\" data-end=\"1609\">\ud83d\udce6 Isporuka i povra\u0107aj<\/h3><p class=\"\" data-start=\"1611\" data-end=\"1747\">Detalji o rokovima dostave, pravima na reklamaciju i postupku odustanka od ugovora nalaze se na strani:<br data-start=\"1714\" data-end=\"1717\" \/>\u27a1 <a href=\"https:\/\/dankaz.co.rs\/isporuka-i-reklamacije\/\"><strong data-start=\"1719\" data-end=\"1747\">[Isporuka i reklamacije]<\/strong><\/a><\/p><h3 data-start=\"1754\" data-end=\"1783\">\u00a0<\/h3><h3 class=\"\" data-start=\"1754\" data-end=\"1783\">\ud83d\udd10 Privatnost i sigurnost<\/h3><p class=\"\" data-start=\"1785\" data-end=\"1922\">Svi podaci prikupljeni tokom poru\u010divanja i kori\u0161\u0107enja sajta obra\u0111uju se u skladu sa:<br data-start=\"1869\" data-end=\"1872\" \/>\u27a1 <a href=\"https:\/\/dankaz.co.rs\/politika-privatnosti\/\"><strong data-start=\"1874\" data-end=\"1922\">[Politikom privatnosti i sigurnom kupovinom]<\/strong><\/a><\/p><h3 data-start=\"2251\" data-end=\"2270\">\u00a0<\/h3><h3 class=\"\" data-start=\"2251\" data-end=\"2270\">\ud83d\udee1\ufe0f Odgovornost<\/h3><p class=\"\" data-start=\"2272\" data-end=\"2304\">Dankaz D.O.O. nije odgovoran za:<\/p><ul data-start=\"2305\" data-end=\"2452\"><li class=\"\" data-start=\"2305\" data-end=\"2352\"><p class=\"\" data-start=\"2307\" data-end=\"2352\">eventualne tehni\u010dke gre\u0161ke ili prekide sajta,<\/p><\/li><li class=\"\" data-start=\"2353\" data-end=\"2397\"><p class=\"\" data-start=\"2355\" data-end=\"2397\">neta\u010dne podatke unete od strane korisnika,<\/p><\/li><li class=\"\" data-start=\"2398\" data-end=\"2452\"><p class=\"\" data-start=\"2400\" data-end=\"2452\">gre\u0161ke nastale u komunikaciji sa kurirskim slu\u017ebama.<\/p><\/li><\/ul><h3 data-start=\"2459\" data-end=\"2479\">\u00a0<\/h3><h3 class=\"\" data-start=\"2459\" data-end=\"2479\">\ud83d\udcc5 Izmene uslova<\/h3><p class=\"\" data-start=\"2481\" data-end=\"2648\">Sve izmene op\u0161tih uslova postaju va\u017ee\u0107e danom objave na ovoj stranici.<br data-start=\"2551\" data-end=\"2554\" \/>Korisnici \u0107e o zna\u010dajnim izmenama biti obave\u0161teni putem email adrese, ukoliko su registrovani.<\/p><h3 data-start=\"2655\" data-end=\"2669\">\u00a0<\/h3><h3 class=\"\" data-start=\"2655\" data-end=\"2669\">\ud83d\udcde Kontakt<\/h3><p class=\"\" data-start=\"2671\" data-end=\"2737\">Za sva pitanja, predloge ili primedbe u vezi sa kori\u0161\u0107enjem sajta:<\/p><ul data-start=\"2739\" data-end=\"2811\"><li class=\"\" data-start=\"2739\" data-end=\"2777\"><p class=\"\" data-start=\"2741\" data-end=\"2777\">\ud83d\udce7 Email: <strong data-start=\"2751\" data-end=\"2775\"><a class=\"cursor-pointer\" rel=\"noopener\" data-start=\"2753\" data-end=\"2773\">doodanakaz@gmail.com<\/a><\/strong><\/p><\/li><li class=\"\" data-start=\"2778\" data-end=\"2811\"><p class=\"\" data-start=\"2780\" data-end=\"2811\">\ud83d\udcde Telefon: <strong data-start=\"2792\" data-end=\"2811\">+381 16 215-292<\/strong><\/p><\/li><\/ul><p><!-- \/wp:paragraph --><\/p>\t\t\t\t\t\t\t\t<\/div>\n\t\t\t\t<\/div>\n\t\t\t\t\t<\/div>\n\t\t\t\t<\/div>\n\t\t\t\t<\/div>\n\t\t","protected":false},"excerpt":{"rendered":"<p>\ud83d\udcdc Op\u0161ti uslovi kori\u0161\u0107enja Dobrodo\u0161li na sajt www.dankaz.co.rs.Kori\u0161\u0107enjem ovog sajta, prihvatate slede\u0107e uslove i pravila kori\u0161\u0107enja. Dankaz D.O.O. zadr\u017eava pravo izmene sadr\u017eaja, politika i strukture sajta bez prethodne najave. Korisnici su du\u017eni da se redovno informi\u0161u o eventualnim promenama. \u00a0 \u2705 Kori\u0161\u0107enje sajta Kori\u0161\u0107enje sajta je dozvoljeno isklju\u010divo za li\u010dne, nekomercijalne potrebe.Svi korisnici koriste sajt [&hellip;]<\/p>\n","protected":false},"author":1,"featured_media":0,"parent":0,"menu_order":0,"comment_status":"closed","ping_status":"closed","template":"","meta":{"_monsterinsights_skip_tracking":false,"_monsterinsights_sitenote_active":false,"_monsterinsights_sitenote_note":"","_monsterinsights_sitenote_category":0,"footnotes":""},"class_list":["post-5349","page","type-page","status-publish","hentry"],"blocksy_meta":[],"aioseo_notices":[],"_links":{"self":[{"href":"https:\/\/dankaz.co.rs\/sr\/wp-json\/wp\/v2\/pages\/5349","targetHints":{"allow":["GET"]}}],"collection":[{"href":"https:\/\/dankaz.co.rs\/sr\/wp-json\/wp\/v2\/pages"}],"about":[{"href":"https:\/\/dankaz.co.rs\/sr\/wp-json\/wp\/v2\/types\/page"}],"author":[{"embeddable":true,"href":"https:\/\/dankaz.co.rs\/sr\/wp-json\/wp\/v2\/users\/1"}],"replies":[{"embeddable":true,"href":"https:\/\/dankaz.co.rs\/sr\/wp-json\/wp\/v2\/comments?post=5349"}],"version-history":[{"count":4,"href":"https:\/\/dankaz.co.rs\/sr\/wp-json\/wp\/v2\/pages\/5349\/revisions"}],"predecessor-version":[{"id":5354,"href":"https:\/\/dankaz.co.rs\/sr\/wp-json\/wp\/v2\/pages\/5349\/revisions\/5354"}],"wp:attachment":[{"href":"https:\/\/dankaz.co.rs\/sr\/wp-json\/wp\/v2\/media?parent=5349"}],"curies":[{"name":"wp","href":"https:\/\/api.w.org\/{rel}","templated":true}]}}