{"id":5337,"date":"2025-05-11T08:09:08","date_gmt":"2025-05-11T08:09:08","guid":{"rendered":"https:\/\/dankaz.co.rs\/?page_id=5337"},"modified":"2025-05-11T08:16:47","modified_gmt":"2025-05-11T08:16:47","slug":"politika-privatnosti","status":"publish","type":"page","link":"https:\/\/dankaz.co.rs\/sr\/politika-privatnosti\/","title":{"rendered":"Politika privatnosti"},"content":{"rendered":"<div data-elementor-type=\"wp-page\" data-elementor-id=\"5337\" class=\"elementor elementor-5337\" data-elementor-post-type=\"page\">\n\t\t\t\t<div class=\"elementor-element elementor-element-6ab3c0ca e-flex e-con-boxed e-con e-parent\" data-id=\"6ab3c0ca\" data-element_type=\"container\" data-e-type=\"container\">\n\t\t\t\t\t<div class=\"e-con-inner\">\n\t\t\t\t<div class=\"elementor-element elementor-element-135435e1 elementor-widget elementor-widget-text-editor\" data-id=\"135435e1\" data-element_type=\"widget\" data-e-type=\"widget\" data-widget_type=\"text-editor.default\">\n\t\t\t\t<div class=\"elementor-widget-container\">\n\t\t\t\t\t\t\t\t\t<h2 class=\"\" data-start=\"210\" data-end=\"255\">\ud83d\udd12 Politika privatnosti i sigurna kupovina<\/h2><p class=\"\" data-start=\"257\" data-end=\"449\">Kupovina na sajtu <strong data-start=\"275\" data-end=\"295\"><a class=\"\" href=\"http:\/\/www.dankaz.co.rs\" target=\"_new\" rel=\"noopener\" data-start=\"277\" data-end=\"293\">www.dankaz.co.rs<\/a><\/strong> je bezbedna i jednostavna. Dankaz D.O.O. se obavezuje da \u010duva va\u0161u privatnost i \u0161titi sve podatke koje podelite sa nama tokom posete sajtu i naru\u010divanja.<\/p><p class=\"\" data-start=\"257\" data-end=\"449\">\u00a0<\/p><h3 class=\"\" data-start=\"456\" data-end=\"484\">\ud83d\udccc Prikupljanje podataka<\/h3><p class=\"\" data-start=\"486\" data-end=\"580\">Da bismo uspe\u0161no obradili va\u0161u porud\u017ebinu i izvr\u0161ili dostavu, neophodni su nam slede\u0107i podaci:<\/p><ul data-start=\"581\" data-end=\"645\"><li class=\"\" data-start=\"581\" data-end=\"596\"><p class=\"\" data-start=\"583\" data-end=\"596\">Ime i prezime<\/p><\/li><li class=\"\" data-start=\"597\" data-end=\"614\"><p class=\"\" data-start=\"599\" data-end=\"614\">Adresa isporuke<\/p><\/li><li class=\"\" data-start=\"615\" data-end=\"630\"><p class=\"\" data-start=\"617\" data-end=\"630\">Broj telefona<\/p><\/li><li class=\"\" data-start=\"631\" data-end=\"645\"><p class=\"\" data-start=\"633\" data-end=\"645\">Email adresa<\/p><\/li><\/ul><p class=\"\" data-start=\"647\" data-end=\"747\">Ovi podaci se koriste <strong data-start=\"669\" data-end=\"704\">isklju\u010divo za obradu narud\u017ebine<\/strong> i informisanje korisnika o njenom statusu.<\/p><p class=\"\" data-start=\"647\" data-end=\"747\">\u00a0<\/p><h3 class=\"\" data-start=\"754\" data-end=\"791\">\ud83d\udd10 Bezbednost i upotreba podataka<\/h3><p class=\"\" data-start=\"793\" data-end=\"836\">U ime Dankaz D.O.O. obavezujemo se da \u0107emo:<\/p><ul data-start=\"837\" data-end=\"1243\"><li class=\"\" data-start=\"837\" data-end=\"906\"><p class=\"\" data-start=\"839\" data-end=\"906\">Prikupljati samo osnovne podatke o kupcima, neophodne za poslovanje<\/p><\/li><li class=\"\" data-start=\"907\" data-end=\"946\"><p class=\"\" data-start=\"909\" data-end=\"946\">\u010cuvati sve podatke u strogoj tajnosti<\/p><\/li><li class=\"\" data-start=\"947\" data-end=\"1045\"><p class=\"\" data-start=\"949\" data-end=\"1045\">Omogu\u0107iti korisnicima <strong data-start=\"971\" data-end=\"987\">pravo izbora<\/strong> \u2013 uklju\u010duju\u0107i odjavu sa mailing liste u bilo kom trenutku<\/p><\/li><li class=\"\" data-start=\"1046\" data-end=\"1147\"><p class=\"\" data-start=\"1048\" data-end=\"1147\">Obezbediti da su podaci dostupni <strong data-start=\"1081\" data-end=\"1107\">isklju\u010divo zaposlenima<\/strong> kojima su potrebni za obradu narud\u017ebine<\/p><\/li><li class=\"\" data-start=\"1148\" data-end=\"1243\"><p class=\"\" data-start=\"1150\" data-end=\"1243\">Nikada ne\u0107emo prodavati, iznajmljivati niti deliti podatke tre\u0107im licima bez zakonske obaveze<\/p><\/li><\/ul><p class=\"\" data-start=\"1245\" data-end=\"1325\">Svi zaposleni Dankaz D.O.O. su obavezni da po\u0161tuju principe za\u0161tite privatnosti.<\/p><p class=\"\" data-start=\"1245\" data-end=\"1325\">\u00a0<\/p><h3 class=\"\" data-start=\"1332\" data-end=\"1366\">\ud83d\udcca Analiza i unapre\u0111enje sajta<\/h3><p class=\"\" data-start=\"1368\" data-end=\"1388\">Tako\u0111e, analiziramo:<\/p><ul data-start=\"1389\" data-end=\"1505\"><li class=\"\" data-start=\"1389\" data-end=\"1436\"><p class=\"\" data-start=\"1391\" data-end=\"1436\">koje proizvode korisnici pretra\u017euju i kupuju,<\/p><\/li><li class=\"\" data-start=\"1437\" data-end=\"1462\"><p class=\"\" data-start=\"1439\" data-end=\"1462\">koje stranice pose\u0107uju,<\/p><\/li><li class=\"\" data-start=\"1463\" data-end=\"1505\"><p class=\"\" data-start=\"1465\" data-end=\"1505\">kako se pona\u0161aju tokom kori\u0161\u0107enja sajta.<\/p><\/li><\/ul><p class=\"\" data-start=\"1507\" data-end=\"1536\">Ove informacije koristimo da:<\/p><ul data-start=\"1537\" data-end=\"1636\"><li class=\"\" data-start=\"1537\" data-end=\"1571\"><p class=\"\" data-start=\"1539\" data-end=\"1571\">pobolj\u0161amo funkcionalnost sajta,<\/p><\/li><li class=\"\" data-start=\"1572\" data-end=\"1605\"><p class=\"\" data-start=\"1574\" data-end=\"1605\">unapredimo korisni\u010dko iskustvo,<\/p><\/li><li class=\"\" data-start=\"1606\" data-end=\"1636\"><p class=\"\" data-start=\"1608\" data-end=\"1636\">pru\u017eimo relevantniju ponudu.<\/p><\/li><\/ul><h3 data-start=\"1643\" data-end=\"1674\">\u00a0<\/h3><h3 class=\"\" data-start=\"1643\" data-end=\"1674\">\ud83d\udcb3 Sigurnost tokom kupovine<\/h3><p class=\"\" data-start=\"1676\" data-end=\"1784\">Dankaz D.O.O. koristi sve raspolo\u017eive tehni\u010dke i organizacione mere kako bi va\u0161a kupovina bila <strong data-start=\"1771\" data-end=\"1783\">bezbedna<\/strong>:<\/p><ul data-start=\"2186\" data-end=\"2272\"><li class=\"\" data-start=\"1786\" data-end=\"1848\"><p class=\"\" data-start=\"1788\" data-end=\"1848\">Narud\u017ebine se obra\u0111uju samo nakon validacije unetih podataka<\/p><\/li><li class=\"\" data-start=\"1849\" data-end=\"1904\"><p class=\"\" data-start=\"1851\" data-end=\"1904\">Pristup sajtu i korisni\u010dkim informacijama je za\u0161ti\u0107en<\/p><\/li><li class=\"\" data-start=\"1905\" data-end=\"1971\"><p class=\"\" data-start=\"1907\" data-end=\"1971\">Va\u0161i podaci se <strong data-start=\"1922\" data-end=\"1971\">ne koriste za ne\u017eeljene promotivne aktivnosti<\/strong><\/p><\/li><\/ul><h3 data-start=\"2279\" data-end=\"2313\">\u00a0<\/h3><h3 class=\"\" data-start=\"2279\" data-end=\"2313\">\ud83d\udcc3 Saglasnost i promene uslova<\/h3><p class=\"\" data-start=\"2315\" data-end=\"2424\">Kori\u0161\u0107enjem sajta dankaz.co.rs, korisnici su saglasni sa uslovima politike privatnosti i sigurnosti kupovine.<\/p><p class=\"\" data-start=\"2426\" data-end=\"2608\">Dankaz D.O.O. zadr\u017eava pravo da <strong data-start=\"2458\" data-end=\"2489\">izmeni politiku privatnosti<\/strong>. Sve promene postaju va\u017ee\u0107e danom objave na sajtu.<\/p><p class=\"\" data-start=\"2426\" data-end=\"2608\">\u00a0<\/p><h3 class=\"\" data-start=\"2615\" data-end=\"2629\">\ud83d\udcde Kontakt<\/h3><p class=\"\" data-start=\"2631\" data-end=\"2737\">Za sva pitanja ili zahteve u vezi sa za\u0161titom privatnosti i bezbednosti kupovine, mo\u017eete nas kontaktirati:<\/p><ul data-start=\"2739\" data-end=\"2809\"><li class=\"\" data-start=\"2739\" data-end=\"2775\"><p class=\"\" data-start=\"2741\" data-end=\"2775\">\ud83d\udce7 Email: <strong data-start=\"2751\" data-end=\"2775\"><a class=\"cursor-pointer\" rel=\"noopener\" data-start=\"2753\" data-end=\"2773\">doodanakaz@gmail.com<\/a><\/strong><\/p><\/li><li class=\"\" data-start=\"2776\" data-end=\"2809\"><p class=\"\" data-start=\"2778\" data-end=\"2809\">\ud83d\udcde Telefon: <strong data-start=\"2790\" data-end=\"2809\">+381 16 215-292<\/strong><\/p><\/li><\/ul><p><!-- \/wp:paragraph --><\/p>\t\t\t\t\t\t\t\t<\/div>\n\t\t\t\t<\/div>\n\t\t\t\t\t<\/div>\n\t\t\t\t<\/div>\n\t\t\t\t<\/div>","protected":false},"excerpt":{"rendered":"<p>\ud83d\udd12 Politika privatnosti i sigurna kupovina Kupovina na sajtu www.dankaz.co.rs je bezbedna i jednostavna. Dankaz D.O.O. se obavezuje da \u010duva va\u0161u privatnost i \u0161titi sve podatke koje podelite sa nama tokom posete sajtu i naru\u010divanja. \u00a0 \ud83d\udccc Prikupljanje podataka Da bismo uspe\u0161no obradili va\u0161u porud\u017ebinu i izvr\u0161ili dostavu, neophodni su nam slede\u0107i podaci: Ime i [&hellip;]<\/p>\n","protected":false},"author":1,"featured_media":0,"parent":0,"menu_order":0,"comment_status":"closed","ping_status":"closed","template":"","meta":{"_monsterinsights_skip_tracking":false,"_monsterinsights_sitenote_active":false,"_monsterinsights_sitenote_note":"","_monsterinsights_sitenote_category":0,"footnotes":""},"class_list":["post-5337","page","type-page","status-publish","hentry"],"blocksy_meta":[],"aioseo_notices":[],"_links":{"self":[{"href":"https:\/\/dankaz.co.rs\/sr\/wp-json\/wp\/v2\/pages\/5337","targetHints":{"allow":["GET"]}}],"collection":[{"href":"https:\/\/dankaz.co.rs\/sr\/wp-json\/wp\/v2\/pages"}],"about":[{"href":"https:\/\/dankaz.co.rs\/sr\/wp-json\/wp\/v2\/types\/page"}],"author":[{"embeddable":true,"href":"https:\/\/dankaz.co.rs\/sr\/wp-json\/wp\/v2\/users\/1"}],"replies":[{"embeddable":true,"href":"https:\/\/dankaz.co.rs\/sr\/wp-json\/wp\/v2\/comments?post=5337"}],"version-history":[{"count":11,"href":"https:\/\/dankaz.co.rs\/sr\/wp-json\/wp\/v2\/pages\/5337\/revisions"}],"predecessor-version":[{"id":5348,"href":"https:\/\/dankaz.co.rs\/sr\/wp-json\/wp\/v2\/pages\/5337\/revisions\/5348"}],"wp:attachment":[{"href":"https:\/\/dankaz.co.rs\/sr\/wp-json\/wp\/v2\/media?parent=5337"}],"curies":[{"name":"wp","href":"https:\/\/api.w.org\/{rel}","templated":true}]}}